{"id":133,"date":"2020-11-23T15:55:16","date_gmt":"2020-11-23T18:55:16","guid":{"rendered":"http:\/\/www.resultadopropaganda.com.br\/jodler\/?page_id=133"},"modified":"2020-11-27T09:54:30","modified_gmt":"2020-11-27T12:54:30","slug":"atualidades","status":"publish","type":"page","link":"http:\/\/www.resultadopropaganda.com.br\/jodler\/atualidades\/","title":{"rendered":"Atualidades"},"content":{"rendered":"\t\t<div data-elementor-type=\"wp-page\" data-elementor-id=\"133\" class=\"elementor elementor-133\" data-elementor-settings=\"[]\">\n\t\t\t\t\t\t<div class=\"elementor-inner\">\n\t\t\t\t\t\t\t<div class=\"elementor-section-wrap\">\n\t\t\t\t\t\t\t<header class=\"elementor-section elementor-top-section elementor-element elementor-element-6db72d2 elementor-section-stretched elementor-section-height-min-height elementor-section-items-top elementor-section-content-space-between topo elementor-section-boxed elementor-section-height-default\" data-id=\"6db72d2\" data-element_type=\"section\" data-settings=\"{&quot;stretch_section&quot;:&quot;section-stretched&quot;,&quot;background_background&quot;:&quot;classic&quot;,&quot;ekit_has_onepagescroll_dot&quot;:&quot;yes&quot;}\">\n\t\t\t\t\t\t<div class=\"elementor-container elementor-column-gap-default\">\n\t\t\t\t\t\t\t<div class=\"elementor-row\">\n\t\t\t\t\t<div class=\"elementor-column elementor-col-100 elementor-top-column elementor-element elementor-element-714a518a\" data-id=\"714a518a\" data-element_type=\"column\">\n\t\t\t<div class=\"elementor-column-wrap elementor-element-populated\">\n\t\t\t\t\t\t\t<div class=\"elementor-widget-wrap\">\n\t\t\t\t\t\t<div class=\"elementor-element elementor-element-52c80ee5 elementor-widget elementor-widget-ekit-nav-menu\" data-id=\"52c80ee5\" data-element_type=\"widget\" data-widget_type=\"ekit-nav-menu.default\">\n\t\t\t\t<div class=\"elementor-widget-container\">\n\t\t\t<div class=\"ekit-wid-con ekit_menu_responsive_tablet\" data-hamburger-icon=\"\" data-hamburger-icon-type=\"icon\" data-responsive-breakpoint=\"1024\"><div id=\"ekit-megamenu-principal\" class=\"elementskit-menu-container elementskit-menu-offcanvas-elements elementskit-navbar-nav-default elementskit_line_arrow ekit-nav-menu-one-page-no\"><ul id=\"main-menu\" class=\"elementskit-navbar-nav elementskit-menu-po-center submenu-click-on-icon\"><li id=\"menu-item-494\" class=\"menu-item menu-item-type-post_type menu-item-object-page menu-item-home menu-item-494 nav-item elementskit-mobile-builder-content\" data-vertical-menu=750px><a href=\"http:\/\/www.resultadopropaganda.com.br\/jodler\/\" class=\"ekit-menu-nav-link\">Home <span class=\"dourado\">\u00a0| <span\/><\/a><\/li>\n<li id=\"menu-item-299\" class=\"menu-item menu-item-type-post_type menu-item-object-page menu-item-299 nav-item elementskit-mobile-builder-content\" data-vertical-menu=750px><a href=\"http:\/\/www.resultadopropaganda.com.br\/jodler\/atualidades\/\" class=\"ekit-menu-nav-link\">Atualidades <span class=\"dourado\">\u00a0| <span\/><\/a><\/li>\n<li id=\"menu-item-306\" class=\"menu-item menu-item-type-post_type menu-item-object-page menu-item-306 nav-item elementskit-mobile-builder-content\" data-vertical-menu=750px><a href=\"http:\/\/www.resultadopropaganda.com.br\/jodler\/sobre-nos\/\" class=\"ekit-menu-nav-link\">Sobre N\u00f3s <span class=\"dourado\">\u00a0| <span\/><\/a><\/li>\n<li id=\"menu-item-401\" class=\"menu-item menu-item-type-post_type menu-item-object-page menu-item-401 nav-item elementskit-mobile-builder-content\" data-vertical-menu=750px><a href=\"http:\/\/www.resultadopropaganda.com.br\/jodler\/cancoes\/\" class=\"ekit-menu-nav-link\">Can\u00e7\u00f5es <span class=\"dourado\">\u00a0| <span\/><\/a><\/li>\n<li id=\"menu-item-402\" class=\"menu-item menu-item-type-post_type menu-item-object-page menu-item-402 nav-item elementskit-mobile-builder-content\" data-vertical-menu=750px><a href=\"http:\/\/www.resultadopropaganda.com.br\/jodler\/agenda\/\" class=\"ekit-menu-nav-link\">Agenda <span class=\"dourado\">\u00a0| <span\/><\/a><\/li>\n<li id=\"menu-item-403\" class=\"menu-item menu-item-type-post_type menu-item-object-page menu-item-403 nav-item elementskit-mobile-builder-content\" data-vertical-menu=750px><a href=\"http:\/\/www.resultadopropaganda.com.br\/jodler\/historia\/\" class=\"ekit-menu-nav-link\">Hist\u00f3ria <span class=\"dourado\">\u00a0| <span\/><\/a><\/li>\n<li id=\"menu-item-404\" class=\"menu-item menu-item-type-post_type menu-item-object-page menu-item-404 nav-item elementskit-mobile-builder-content\" data-vertical-menu=750px><a href=\"http:\/\/www.resultadopropaganda.com.br\/jodler\/galeria\/\" class=\"ekit-menu-nav-link\">Galeria <span class=\"dourado\">\u00a0| <span\/><\/a><\/li>\n<li id=\"menu-item-298\" class=\"menu-item menu-item-type-post_type menu-item-object-page menu-item-298 nav-item elementskit-mobile-builder-content\" data-vertical-menu=750px><a href=\"http:\/\/www.resultadopropaganda.com.br\/jodler\/contato\/\" class=\"ekit-menu-nav-link\">Contato <span class=\"dourado\">\u00a0| <span\/><\/a><\/li>\n<\/ul>\n\t\t\t\t<div class=\"elementskit-nav-identity-panel\">\n\t\t\t\t\t<div class=\"elementskit-site-title\">\n\t\t\t\t\t\t<a class=\"elementskit-nav-logo\" href=\"http:\/\/www.resultadopropaganda.com.br\/jodler\" target=\"_self\" rel=\"\">\n\t\t\t\t\t\t\t<img src=\"http:\/\/www.resultadopropaganda.com.br\/jodler\/wp-content\/plugins\/elementor\/assets\/images\/placeholder.png\" alt=\"\">\n\t\t\t\t\t\t<\/a>\n\t\t\t\t\t<\/div>\n\t\t\t\t\t<button class=\"elementskit-menu-close elementskit-menu-toggler\" type=\"button\">X<\/button>\n\t\t\t\t<\/div>\n\t\t\t<\/div><\/div>\t\t<\/div>\n\t\t\t\t<\/div>\n\t\t\t\t\t\t<\/div>\n\t\t\t\t\t<\/div>\n\t\t<\/div>\n\t\t\t\t\t\t\t\t<\/div>\n\t\t\t\t\t<\/div>\n\t\t<\/header>\n\t\t\t\t<section class=\"elementor-section elementor-top-section elementor-element elementor-element-88db94a elementor-section-full_width elementor-section-height-default elementor-section-height-default\" data-id=\"88db94a\" data-element_type=\"section\" data-settings=\"{&quot;ekit_has_onepagescroll_dot&quot;:&quot;yes&quot;}\">\n\t\t\t\t\t\t<div class=\"elementor-container elementor-column-gap-default\">\n\t\t\t\t\t\t\t<div class=\"elementor-row\">\n\t\t\t\t\t<div class=\"elementor-column elementor-col-50 elementor-top-column elementor-element elementor-element-77d87cd\" data-id=\"77d87cd\" data-element_type=\"column\">\n\t\t\t<div class=\"elementor-column-wrap elementor-element-populated\">\n\t\t\t\t\t\t\t<div class=\"elementor-widget-wrap\">\n\t\t\t\t\t\t<div class=\"elementor-element elementor-element-ba99988 elementor-widget elementor-widget-image\" data-id=\"ba99988\" data-element_type=\"widget\" data-widget_type=\"image.default\">\n\t\t\t\t<div class=\"elementor-widget-container\">\n\t\t\t\t\t<div class=\"elementor-image\">\n\t\t\t\t\t\t\t\t\t\t<img width=\"1024\" height=\"163\" src=\"http:\/\/www.resultadopropaganda.com.br\/jodler\/wp-content\/uploads\/2020\/11\/faixa-flor-1024x163.png\" class=\"attachment-large size-large\" alt=\"\" loading=\"lazy\" srcset=\"http:\/\/www.resultadopropaganda.com.br\/jodler\/wp-content\/uploads\/2020\/11\/faixa-flor-1024x163.png 1024w, http:\/\/www.resultadopropaganda.com.br\/jodler\/wp-content\/uploads\/2020\/11\/faixa-flor-300x48.png 300w, http:\/\/www.resultadopropaganda.com.br\/jodler\/wp-content\/uploads\/2020\/11\/faixa-flor-768x122.png 768w, http:\/\/www.resultadopropaganda.com.br\/jodler\/wp-content\/uploads\/2020\/11\/faixa-flor-1536x244.png 1536w, http:\/\/www.resultadopropaganda.com.br\/jodler\/wp-content\/uploads\/2020\/11\/faixa-flor.png 1990w\" sizes=\"(max-width: 1024px) 100vw, 1024px\" \/>\t\t\t\t\t\t\t\t\t\t\t<\/div>\n\t\t\t\t<\/div>\n\t\t\t\t<\/div>\n\t\t\t\t\t\t<\/div>\n\t\t\t\t\t<\/div>\n\t\t<\/div>\n\t\t\t\t<div class=\"elementor-column elementor-col-50 elementor-top-column elementor-element elementor-element-f214be1\" data-id=\"f214be1\" data-element_type=\"column\">\n\t\t\t<div class=\"elementor-column-wrap elementor-element-populated\">\n\t\t\t\t\t\t\t<div class=\"elementor-widget-wrap\">\n\t\t\t\t\t\t<div class=\"elementor-element elementor-element-086c64c elementor-widget elementor-widget-image\" data-id=\"086c64c\" data-element_type=\"widget\" data-widget_type=\"image.default\">\n\t\t\t\t<div class=\"elementor-widget-container\">\n\t\t\t\t\t<div class=\"elementor-image\">\n\t\t\t\t\t\t\t\t\t\t<img width=\"1024\" height=\"163\" src=\"http:\/\/www.resultadopropaganda.com.br\/jodler\/wp-content\/uploads\/2020\/11\/Atualidades-1024x163.png\" class=\"attachment-large size-large\" alt=\"\" loading=\"lazy\" srcset=\"http:\/\/www.resultadopropaganda.com.br\/jodler\/wp-content\/uploads\/2020\/11\/Atualidades-1024x163.png 1024w, http:\/\/www.resultadopropaganda.com.br\/jodler\/wp-content\/uploads\/2020\/11\/Atualidades-300x48.png 300w, http:\/\/www.resultadopropaganda.com.br\/jodler\/wp-content\/uploads\/2020\/11\/Atualidades-768x122.png 768w, http:\/\/www.resultadopropaganda.com.br\/jodler\/wp-content\/uploads\/2020\/11\/Atualidades.png 1170w\" sizes=\"(max-width: 1024px) 100vw, 1024px\" \/>\t\t\t\t\t\t\t\t\t\t\t<\/div>\n\t\t\t\t<\/div>\n\t\t\t\t<\/div>\n\t\t\t\t\t\t<\/div>\n\t\t\t\t\t<\/div>\n\t\t<\/div>\n\t\t\t\t\t\t\t\t<\/div>\n\t\t\t\t\t<\/div>\n\t\t<\/section>\n\t\t\t\t<section class=\"elementor-section elementor-top-section elementor-element elementor-element-011a89a elementor-section-boxed elementor-section-height-default elementor-section-height-default\" data-id=\"011a89a\" data-element_type=\"section\" data-settings=\"{&quot;background_background&quot;:&quot;classic&quot;,&quot;ekit_has_onepagescroll_dot&quot;:&quot;yes&quot;}\">\n\t\t\t\t\t\t<div class=\"elementor-container elementor-column-gap-default\">\n\t\t\t\t\t\t\t<div class=\"elementor-row\">\n\t\t\t\t\t<div class=\"elementor-column elementor-col-100 elementor-top-column elementor-element elementor-element-c73167c\" data-id=\"c73167c\" data-element_type=\"column\">\n\t\t\t<div class=\"elementor-column-wrap elementor-element-populated\">\n\t\t\t\t\t\t\t<div class=\"elementor-widget-wrap\">\n\t\t\t\t\t\t<div class=\"elementor-element elementor-element-0387d38 elementor-widget elementor-widget-heading\" data-id=\"0387d38\" data-element_type=\"widget\" data-widget_type=\"heading.default\">\n\t\t\t\t<div class=\"elementor-widget-container\">\n\t\t\t<h2 class=\"elementor-heading-title elementor-size-default\">COMUNICADO<\/h2>\t\t<\/div>\n\t\t\t\t<\/div>\n\t\t\t\t<div class=\"elementor-element elementor-element-6473d38 elementor-widget-divider--view-line elementor-widget elementor-widget-divider\" data-id=\"6473d38\" data-element_type=\"widget\" data-widget_type=\"divider.default\">\n\t\t\t\t<div class=\"elementor-widget-container\">\n\t\t\t\t\t<div class=\"elementor-divider\">\n\t\t\t<span class=\"elementor-divider-separator\">\n\t\t\t\t\t\t<\/span>\n\t\t<\/div>\n\t\t\t\t<\/div>\n\t\t\t\t<\/div>\n\t\t\t\t<div class=\"elementor-element elementor-element-f276406 elementor-widget elementor-widget-text-editor\" data-id=\"f276406\" data-element_type=\"widget\" data-widget_type=\"text-editor.default\">\n\t\t\t\t<div class=\"elementor-widget-container\">\n\t\t\t\t\t<div class=\"elementor-text-editor elementor-clearfix\">2020 foi um ano at\u00edpico. A pandemia do Coronavirus mudaram os planos de todo o mundo,\u00a0 e muitos dos projetos tiveram que ser adiados. Em virtude disso, nosso 17\u00ba Concerto Anual ser\u00e1 realizado de forma virtual, no dia 28 de novembro, a partir das 17h, transmitido pela p\u00e1gina da Festa da Tradi\u00e7\u00e3o de Helvetia no Facebook. \n<br>Est\u00e3o todos convidados a nos prestigiar.\n<br><br><\/div>\n\t\t\t\t<\/div>\n\t\t\t\t<\/div>\n\t\t\t\t\t\t<\/div>\n\t\t\t\t\t<\/div>\n\t\t<\/div>\n\t\t\t\t\t\t\t\t<\/div>\n\t\t\t\t\t<\/div>\n\t\t<\/section>\n\t\t\t\t<section class=\"elementor-section elementor-top-section elementor-element elementor-element-a506d68 elementor-section-boxed elementor-section-height-default elementor-section-height-default\" data-id=\"a506d68\" data-element_type=\"section\" data-settings=\"{&quot;ekit_has_onepagescroll_dot&quot;:&quot;yes&quot;}\">\n\t\t\t\t\t\t<div class=\"elementor-container elementor-column-gap-default\">\n\t\t\t\t\t\t\t<div class=\"elementor-row\">\n\t\t\t\t\t<div class=\"elementor-column elementor-col-100 elementor-top-column elementor-element elementor-element-494514b\" data-id=\"494514b\" data-element_type=\"column\">\n\t\t\t<div class=\"elementor-column-wrap\">\n\t\t\t\t\t\t\t<div class=\"elementor-widget-wrap\">\n\t\t\t\t\t\t\t\t<\/div>\n\t\t\t\t\t<\/div>\n\t\t<\/div>\n\t\t\t\t\t\t\t\t<\/div>\n\t\t\t\t\t<\/div>\n\t\t<\/section>\n\t\t\t\t<section class=\"elementor-section elementor-top-section elementor-element elementor-element-52ae46a elementor-section-boxed elementor-section-height-default elementor-section-height-default\" data-id=\"52ae46a\" data-element_type=\"section\" data-settings=\"{&quot;ekit_has_onepagescroll_dot&quot;:&quot;yes&quot;}\">\n\t\t\t\t\t\t<div class=\"elementor-container elementor-column-gap-default\">\n\t\t\t\t\t\t\t<div class=\"elementor-row\">\n\t\t\t\t\t<div class=\"elementor-column elementor-col-100 elementor-top-column elementor-element elementor-element-773fc46\" data-id=\"773fc46\" data-element_type=\"column\">\n\t\t\t<div class=\"elementor-column-wrap elementor-element-populated\">\n\t\t\t\t\t\t\t<div class=\"elementor-widget-wrap\">\n\t\t\t\t\t\t<div class=\"elementor-element elementor-element-b02b464 elementor-widget elementor-widget-heading\" data-id=\"b02b464\" data-element_type=\"widget\" data-widget_type=\"heading.default\">\n\t\t\t\t<div class=\"elementor-widget-container\">\n\t\t\t<h2 class=\"elementor-heading-title elementor-size-default\">16\u00ba Concerto Anual - 2019<\/h2>\t\t<\/div>\n\t\t\t\t<\/div>\n\t\t\t\t<div class=\"elementor-element elementor-element-ff1a8a8 elementor-widget-divider--view-line elementor-widget elementor-widget-divider\" data-id=\"ff1a8a8\" data-element_type=\"widget\" data-widget_type=\"divider.default\">\n\t\t\t\t<div class=\"elementor-widget-container\">\n\t\t\t\t\t<div class=\"elementor-divider\">\n\t\t\t<span class=\"elementor-divider-separator\">\n\t\t\t\t\t\t<\/span>\n\t\t<\/div>\n\t\t\t\t<\/div>\n\t\t\t\t<\/div>\n\t\t\t\t\t\t<\/div>\n\t\t\t\t\t<\/div>\n\t\t<\/div>\n\t\t\t\t\t\t\t\t<\/div>\n\t\t\t\t\t<\/div>\n\t\t<\/section>\n\t\t\t\t<section class=\"elementor-section elementor-top-section elementor-element elementor-element-c90de9d elementor-section-boxed elementor-section-height-default elementor-section-height-default\" data-id=\"c90de9d\" data-element_type=\"section\" data-settings=\"{&quot;ekit_has_onepagescroll_dot&quot;:&quot;yes&quot;}\">\n\t\t\t\t\t\t<div class=\"elementor-container elementor-column-gap-default\">\n\t\t\t\t\t\t\t<div class=\"elementor-row\">\n\t\t\t\t\t<div class=\"elementor-column elementor-col-100 elementor-top-column elementor-element elementor-element-aa1c8ea\" data-id=\"aa1c8ea\" data-element_type=\"column\">\n\t\t\t<div class=\"elementor-column-wrap elementor-element-populated\">\n\t\t\t\t\t\t\t<div class=\"elementor-widget-wrap\">\n\t\t\t\t\t\t\t\t<\/div>\n\t\t\t\t\t<\/div>\n\t\t<\/div>\n\t\t\t\t\t\t\t\t<\/div>\n\t\t\t\t\t<\/div>\n\t\t<\/section>\n\t\t\t\t<section class=\"elementor-section elementor-top-section elementor-element elementor-element-100b143 elementor-section-boxed elementor-section-height-default elementor-section-height-default\" data-id=\"100b143\" data-element_type=\"section\" data-settings=\"{&quot;ekit_has_onepagescroll_dot&quot;:&quot;yes&quot;}\">\n\t\t\t\t\t\t<div class=\"elementor-container elementor-column-gap-default\">\n\t\t\t\t\t\t\t<div class=\"elementor-row\">\n\t\t\t\t\t<div class=\"elementor-column elementor-col-100 elementor-top-column elementor-element elementor-element-b6f710d\" data-id=\"b6f710d\" data-element_type=\"column\">\n\t\t\t<div class=\"elementor-column-wrap elementor-element-populated\">\n\t\t\t\t\t\t\t<div class=\"elementor-widget-wrap\">\n\t\t\t\t\t\t<div class=\"elementor-element elementor-element-102c7b6 elementor-widget elementor-widget-heading\" data-id=\"102c7b6\" data-element_type=\"widget\" data-widget_type=\"heading.default\">\n\t\t\t\t<div class=\"elementor-widget-container\">\n\t\t\t<h2 class=\"elementor-heading-title elementor-size-default\">1\u00ba Raclette - 2019<\/h2>\t\t<\/div>\n\t\t\t\t<\/div>\n\t\t\t\t<div class=\"elementor-element elementor-element-37bbb92 elementor-widget-divider--view-line elementor-widget elementor-widget-divider\" data-id=\"37bbb92\" data-element_type=\"widget\" data-widget_type=\"divider.default\">\n\t\t\t\t<div class=\"elementor-widget-container\">\n\t\t\t\t\t<div class=\"elementor-divider\">\n\t\t\t<span class=\"elementor-divider-separator\">\n\t\t\t\t\t\t<\/span>\n\t\t<\/div>\n\t\t\t\t<\/div>\n\t\t\t\t<\/div>\n\t\t\t\t\t\t<\/div>\n\t\t\t\t\t<\/div>\n\t\t<\/div>\n\t\t\t\t\t\t\t\t<\/div>\n\t\t\t\t\t<\/div>\n\t\t<\/section>\n\t\t\t\t<section class=\"elementor-section elementor-top-section elementor-element elementor-element-5136f678 elementor-section-stretched elementor-section-content-bottom elementor-section-boxed elementor-section-height-default elementor-section-height-default\" data-id=\"5136f678\" data-element_type=\"section\" data-settings=\"{&quot;stretch_section&quot;:&quot;section-stretched&quot;,&quot;background_background&quot;:&quot;classic&quot;,&quot;ekit_has_onepagescroll_dot&quot;:&quot;yes&quot;}\">\n\t\t\t\t\t\t<div class=\"elementor-container elementor-column-gap-default\">\n\t\t\t\t\t\t\t<div class=\"elementor-row\">\n\t\t\t\t\t<div class=\"elementor-column elementor-col-20 elementor-top-column elementor-element elementor-element-687c8d31\" data-id=\"687c8d31\" data-element_type=\"column\">\n\t\t\t<div class=\"elementor-column-wrap elementor-element-populated\">\n\t\t\t\t\t\t\t<div class=\"elementor-widget-wrap\">\n\t\t\t\t\t\t<div class=\"elementor-element elementor-element-4399d196 elementor-widget elementor-widget-image\" data-id=\"4399d196\" data-element_type=\"widget\" data-widget_type=\"image.default\">\n\t\t\t\t<div class=\"elementor-widget-container\">\n\t\t\t\t\t<div class=\"elementor-image\">\n\t\t\t\t\t\t\t\t\t\t<img width=\"514\" height=\"308\" src=\"http:\/\/www.resultadopropaganda.com.br\/jodler\/wp-content\/uploads\/2020\/11\/FLOR.png\" class=\"attachment-1536x1536 size-1536x1536\" alt=\"\" loading=\"lazy\" srcset=\"http:\/\/www.resultadopropaganda.com.br\/jodler\/wp-content\/uploads\/2020\/11\/FLOR.png 514w, http:\/\/www.resultadopropaganda.com.br\/jodler\/wp-content\/uploads\/2020\/11\/FLOR-300x180.png 300w\" sizes=\"(max-width: 514px) 100vw, 514px\" \/>\t\t\t\t\t\t\t\t\t\t\t<\/div>\n\t\t\t\t<\/div>\n\t\t\t\t<\/div>\n\t\t\t\t\t\t<\/div>\n\t\t\t\t\t<\/div>\n\t\t<\/div>\n\t\t\t\t<div class=\"elementor-column elementor-col-20 elementor-top-column elementor-element elementor-element-29610816\" data-id=\"29610816\" data-element_type=\"column\">\n\t\t\t<div class=\"elementor-column-wrap elementor-element-populated\">\n\t\t\t\t\t\t\t<div class=\"elementor-widget-wrap\">\n\t\t\t\t\t\t<div class=\"elementor-element elementor-element-68c0b21b elementor-widget elementor-widget-image\" data-id=\"68c0b21b\" data-element_type=\"widget\" data-widget_type=\"image.default\">\n\t\t\t\t<div class=\"elementor-widget-container\">\n\t\t\t\t\t<div class=\"elementor-image\">\n\t\t\t\t\t\t\t\t\t\t<img width=\"300\" height=\"213\" src=\"http:\/\/www.resultadopropaganda.com.br\/jodler\/wp-content\/uploads\/2020\/11\/logo-jodler-300x213.png\" class=\"attachment-medium size-medium\" alt=\"\" loading=\"lazy\" srcset=\"http:\/\/www.resultadopropaganda.com.br\/jodler\/wp-content\/uploads\/2020\/11\/logo-jodler-300x213.png 300w, http:\/\/www.resultadopropaganda.com.br\/jodler\/wp-content\/uploads\/2020\/11\/logo-jodler-768x546.png 768w, http:\/\/www.resultadopropaganda.com.br\/jodler\/wp-content\/uploads\/2020\/11\/logo-jodler.png 864w\" sizes=\"(max-width: 300px) 100vw, 300px\" \/>\t\t\t\t\t\t\t\t\t\t\t<\/div>\n\t\t\t\t<\/div>\n\t\t\t\t<\/div>\n\t\t\t\t<div class=\"elementor-element elementor-element-1f53ec49 elementor-widget elementor-widget-text-editor\" data-id=\"1f53ec49\" data-element_type=\"widget\" data-widget_type=\"text-editor.default\">\n\t\t\t\t<div class=\"elementor-widget-container\">\n\t\t\t\t\t<div class=\"elementor-text-editor elementor-clearfix\">Jodlerklub Helvetia. Todos os direitos reservados.<\/div>\n\t\t\t\t<\/div>\n\t\t\t\t<\/div>\n\t\t\t\t\t\t<\/div>\n\t\t\t\t\t<\/div>\n\t\t<\/div>\n\t\t\t\t<div class=\"elementor-column elementor-col-20 elementor-top-column elementor-element elementor-element-6aae1c97 elementor-hidden-tablet elementor-hidden-phone\" data-id=\"6aae1c97\" data-element_type=\"column\">\n\t\t\t<div class=\"elementor-column-wrap elementor-element-populated\">\n\t\t\t\t\t\t\t<div class=\"elementor-widget-wrap\">\n\t\t\t\t\t\t<div class=\"elementor-element elementor-element-2eddc64a elementor-widget elementor-widget-image\" data-id=\"2eddc64a\" data-element_type=\"widget\" data-widget_type=\"image.default\">\n\t\t\t\t<div class=\"elementor-widget-container\">\n\t\t\t\t\t<div class=\"elementor-image\">\n\t\t\t\t\t\t\t\t\t\t<img src=\"http:\/\/www.resultadopropaganda.com.br\/barrios\/wp-content\/uploads\/2020\/10\/divisoria-dou.png\" title=\"\" alt=\"\" \/>\t\t\t\t\t\t\t\t\t\t\t<\/div>\n\t\t\t\t<\/div>\n\t\t\t\t<\/div>\n\t\t\t\t\t\t<\/div>\n\t\t\t\t\t<\/div>\n\t\t<\/div>\n\t\t\t\t<div class=\"elementor-column elementor-col-20 elementor-top-column elementor-element elementor-element-459842ae\" data-id=\"459842ae\" data-element_type=\"column\">\n\t\t\t<div class=\"elementor-column-wrap elementor-element-populated\">\n\t\t\t\t\t\t\t<div class=\"elementor-widget-wrap\">\n\t\t\t\t\t\t<div class=\"elementor-element elementor-element-78afb08d elementor-widget elementor-widget-text-editor\" data-id=\"78afb08d\" data-element_type=\"widget\" data-widget_type=\"text-editor.default\">\n\t\t\t\t<div class=\"elementor-widget-container\">\n\t\t\t\t\t<div class=\"elementor-text-editor elementor-clearfix\">Alameda Antonio Ambiel, 895\nCol\u00f4nia Helvetia &#8211; Indaiatuba\/SP\n<br>\n\n<br>\nE-mail: contato@jodlerklubhelvetia.com.br<\/div>\n\t\t\t\t<\/div>\n\t\t\t\t<\/div>\n\t\t\t\t\t\t<\/div>\n\t\t\t\t\t<\/div>\n\t\t<\/div>\n\t\t\t\t<div class=\"elementor-column elementor-col-20 elementor-top-column elementor-element elementor-element-4e6d0950\" data-id=\"4e6d0950\" data-element_type=\"column\">\n\t\t\t<div class=\"elementor-column-wrap elementor-element-populated\">\n\t\t\t\t\t\t\t<div class=\"elementor-widget-wrap\">\n\t\t\t\t\t\t<div class=\"elementor-element elementor-element-70ce730f elementor-widget elementor-widget-text-editor\" data-id=\"70ce730f\" data-element_type=\"widget\" data-widget_type=\"text-editor.default\">\n\t\t\t\t<div class=\"elementor-widget-container\">\n\t\t\t\t\t<div class=\"elementor-text-editor elementor-clearfix\">Agende sua consulta com\num de nossos advogados\n<br>\n<br>\n<a style=\"color: #d2ae6d;\">\n<i class=\"fa fa-envelope\" style=\"font-size: 26px;\" aria-hidden=\"true\">\n<\/i><\/a>\n&nbsp;&nbsp;\n<a style=\"color: #d2ae6d;\">\n<i class=\"fa fa-phone\" style=\"font-size: 26px;\" aria-hidden=\"true\">\n<\/i><\/a>\n&nbsp;&nbsp;\n<a style=\"color: #d2ae6d;\">\n<i class=\"fa fa-whatsapp\" style=\"font-size: 28px;\" aria-hidden=\"true\">\n<\/i><\/a><\/div>\n\t\t\t\t<\/div>\n\t\t\t\t<\/div>\n\t\t\t\t\t\t<\/div>\n\t\t\t\t\t<\/div>\n\t\t<\/div>\n\t\t\t\t\t\t\t\t<\/div>\n\t\t\t\t\t<\/div>\n\t\t<\/section>\n\t\t\t\t<section class=\"elementor-section elementor-top-section elementor-element elementor-element-ec1451d elementor-section-boxed elementor-section-height-default elementor-section-height-default\" data-id=\"ec1451d\" data-element_type=\"section\" data-settings=\"{&quot;ekit_has_onepagescroll_dot&quot;:&quot;yes&quot;}\">\n\t\t\t\t\t\t<div class=\"elementor-container elementor-column-gap-default\">\n\t\t\t\t\t\t\t<div class=\"elementor-row\">\n\t\t\t\t\t<div class=\"elementor-column elementor-col-100 elementor-top-column elementor-element elementor-element-8ff1a6c\" data-id=\"8ff1a6c\" data-element_type=\"column\">\n\t\t\t<div class=\"elementor-column-wrap\">\n\t\t\t\t\t\t\t<div class=\"elementor-widget-wrap\">\n\t\t\t\t\t\t\t\t<\/div>\n\t\t\t\t\t<\/div>\n\t\t<\/div>\n\t\t\t\t\t\t\t\t<\/div>\n\t\t\t\t\t<\/div>\n\t\t<\/section>\n\t\t\t\t\t\t<\/div>\n\t\t\t\t\t\t<\/div>\n\t\t\t\t\t<\/div>\n\t\t","protected":false},"excerpt":{"rendered":"<p>Home \u00a0| Atualidades \u00a0| Sobre N\u00f3s \u00a0| Can\u00e7\u00f5es \u00a0| Agenda \u00a0| Hist\u00f3ria \u00a0| Galeria \u00a0| Contato \u00a0| X COMUNICADO 2020 foi um ano at\u00edpico. A pandemia do Coronavirus mudaram os planos de todo o mundo,\u00a0 e muitos dos projetos tiveram que ser adiados. Em virtude disso, nosso 17\u00ba Concerto Anual ser\u00e1 realizado de forma virtual, [&hellip;]<\/p>\n","protected":false},"author":1,"featured_media":0,"parent":0,"menu_order":0,"comment_status":"closed","ping_status":"closed","template":"","meta":[],"_links":{"self":[{"href":"http:\/\/www.resultadopropaganda.com.br\/jodler\/wp-json\/wp\/v2\/pages\/133"}],"collection":[{"href":"http:\/\/www.resultadopropaganda.com.br\/jodler\/wp-json\/wp\/v2\/pages"}],"about":[{"href":"http:\/\/www.resultadopropaganda.com.br\/jodler\/wp-json\/wp\/v2\/types\/page"}],"author":[{"embeddable":true,"href":"http:\/\/www.resultadopropaganda.com.br\/jodler\/wp-json\/wp\/v2\/users\/1"}],"replies":[{"embeddable":true,"href":"http:\/\/www.resultadopropaganda.com.br\/jodler\/wp-json\/wp\/v2\/comments?post=133"}],"version-history":[{"count":40,"href":"http:\/\/www.resultadopropaganda.com.br\/jodler\/wp-json\/wp\/v2\/pages\/133\/revisions"}],"predecessor-version":[{"id":543,"href":"http:\/\/www.resultadopropaganda.com.br\/jodler\/wp-json\/wp\/v2\/pages\/133\/revisions\/543"}],"wp:attachment":[{"href":"http:\/\/www.resultadopropaganda.com.br\/jodler\/wp-json\/wp\/v2\/media?parent=133"}],"curies":[{"name":"wp","href":"https:\/\/api.w.org\/{rel}","templated":true}]}}