{"id":395,"date":"2020-11-26T13:42:30","date_gmt":"2020-11-26T16:42:30","guid":{"rendered":"http:\/\/www.resultadopropaganda.com.br\/jodler\/?page_id=395"},"modified":"2020-11-27T10:16:23","modified_gmt":"2020-11-27T13:16:23","slug":"agenda","status":"publish","type":"page","link":"http:\/\/www.resultadopropaganda.com.br\/jodler\/agenda\/","title":{"rendered":"Agenda"},"content":{"rendered":"\t\t<div data-elementor-type=\"wp-page\" data-elementor-id=\"395\" class=\"elementor elementor-395\" data-elementor-settings=\"[]\">\n\t\t\t\t\t\t<div class=\"elementor-inner\">\n\t\t\t\t\t\t\t<div class=\"elementor-section-wrap\">\n\t\t\t\t\t\t\t<header class=\"elementor-section elementor-top-section elementor-element elementor-element-13c247db elementor-section-stretched elementor-section-height-min-height elementor-section-items-top elementor-section-content-space-between topo elementor-section-boxed elementor-section-height-default\" data-id=\"13c247db\" data-element_type=\"section\" data-settings=\"{&quot;stretch_section&quot;:&quot;section-stretched&quot;,&quot;background_background&quot;:&quot;classic&quot;,&quot;ekit_has_onepagescroll_dot&quot;:&quot;yes&quot;}\">\n\t\t\t\t\t\t<div class=\"elementor-container elementor-column-gap-default\">\n\t\t\t\t\t\t\t<div class=\"elementor-row\">\n\t\t\t\t\t<div class=\"elementor-column elementor-col-100 elementor-top-column elementor-element elementor-element-5d00325a\" data-id=\"5d00325a\" data-element_type=\"column\">\n\t\t\t<div class=\"elementor-column-wrap elementor-element-populated\">\n\t\t\t\t\t\t\t<div class=\"elementor-widget-wrap\">\n\t\t\t\t\t\t<div class=\"elementor-element elementor-element-7e5c8bab elementor-widget elementor-widget-ekit-nav-menu\" data-id=\"7e5c8bab\" data-element_type=\"widget\" data-widget_type=\"ekit-nav-menu.default\">\n\t\t\t\t<div class=\"elementor-widget-container\">\n\t\t\t<div class=\"ekit-wid-con ekit_menu_responsive_tablet\" data-hamburger-icon=\"\" data-hamburger-icon-type=\"icon\" data-responsive-breakpoint=\"1024\"><div id=\"ekit-megamenu-principal\" class=\"elementskit-menu-container elementskit-menu-offcanvas-elements elementskit-navbar-nav-default elementskit_line_arrow ekit-nav-menu-one-page-no\"><ul id=\"main-menu\" class=\"elementskit-navbar-nav elementskit-menu-po-center submenu-click-on-icon\"><li id=\"menu-item-494\" class=\"menu-item menu-item-type-post_type menu-item-object-page menu-item-home menu-item-494 nav-item elementskit-mobile-builder-content\" data-vertical-menu=750px><a href=\"http:\/\/www.resultadopropaganda.com.br\/jodler\/\" class=\"ekit-menu-nav-link\">Home <span class=\"dourado\">\u00a0| <span\/><\/a><\/li>\n<li id=\"menu-item-299\" class=\"menu-item menu-item-type-post_type menu-item-object-page menu-item-299 nav-item elementskit-mobile-builder-content\" data-vertical-menu=750px><a href=\"http:\/\/www.resultadopropaganda.com.br\/jodler\/atualidades\/\" class=\"ekit-menu-nav-link\">Atualidades <span class=\"dourado\">\u00a0| <span\/><\/a><\/li>\n<li id=\"menu-item-306\" class=\"menu-item menu-item-type-post_type menu-item-object-page menu-item-306 nav-item elementskit-mobile-builder-content\" data-vertical-menu=750px><a href=\"http:\/\/www.resultadopropaganda.com.br\/jodler\/sobre-nos\/\" class=\"ekit-menu-nav-link\">Sobre N\u00f3s <span class=\"dourado\">\u00a0| <span\/><\/a><\/li>\n<li id=\"menu-item-401\" class=\"menu-item menu-item-type-post_type menu-item-object-page menu-item-401 nav-item elementskit-mobile-builder-content\" data-vertical-menu=750px><a href=\"http:\/\/www.resultadopropaganda.com.br\/jodler\/cancoes\/\" class=\"ekit-menu-nav-link\">Can\u00e7\u00f5es <span class=\"dourado\">\u00a0| <span\/><\/a><\/li>\n<li id=\"menu-item-402\" class=\"menu-item menu-item-type-post_type menu-item-object-page menu-item-402 nav-item elementskit-mobile-builder-content\" data-vertical-menu=750px><a href=\"http:\/\/www.resultadopropaganda.com.br\/jodler\/agenda\/\" class=\"ekit-menu-nav-link\">Agenda <span class=\"dourado\">\u00a0| <span\/><\/a><\/li>\n<li id=\"menu-item-403\" class=\"menu-item menu-item-type-post_type menu-item-object-page menu-item-403 nav-item elementskit-mobile-builder-content\" data-vertical-menu=750px><a href=\"http:\/\/www.resultadopropaganda.com.br\/jodler\/historia\/\" class=\"ekit-menu-nav-link\">Hist\u00f3ria <span class=\"dourado\">\u00a0| <span\/><\/a><\/li>\n<li id=\"menu-item-404\" class=\"menu-item menu-item-type-post_type menu-item-object-page menu-item-404 nav-item elementskit-mobile-builder-content\" data-vertical-menu=750px><a href=\"http:\/\/www.resultadopropaganda.com.br\/jodler\/galeria\/\" class=\"ekit-menu-nav-link\">Galeria <span class=\"dourado\">\u00a0| <span\/><\/a><\/li>\n<li id=\"menu-item-298\" class=\"menu-item menu-item-type-post_type menu-item-object-page menu-item-298 nav-item elementskit-mobile-builder-content\" data-vertical-menu=750px><a href=\"http:\/\/www.resultadopropaganda.com.br\/jodler\/contato\/\" class=\"ekit-menu-nav-link\">Contato <span class=\"dourado\">\u00a0| <span\/><\/a><\/li>\n<\/ul>\n\t\t\t\t<div class=\"elementskit-nav-identity-panel\">\n\t\t\t\t\t<div class=\"elementskit-site-title\">\n\t\t\t\t\t\t<a class=\"elementskit-nav-logo\" href=\"http:\/\/www.resultadopropaganda.com.br\/jodler\" target=\"_self\" rel=\"\">\n\t\t\t\t\t\t\t<img src=\"http:\/\/www.resultadopropaganda.com.br\/jodler\/wp-content\/plugins\/elementor\/assets\/images\/placeholder.png\" alt=\"\">\n\t\t\t\t\t\t<\/a>\n\t\t\t\t\t<\/div>\n\t\t\t\t\t<button class=\"elementskit-menu-close elementskit-menu-toggler\" type=\"button\">X<\/button>\n\t\t\t\t<\/div>\n\t\t\t<\/div><\/div>\t\t<\/div>\n\t\t\t\t<\/div>\n\t\t\t\t\t\t<\/div>\n\t\t\t\t\t<\/div>\n\t\t<\/div>\n\t\t\t\t\t\t\t\t<\/div>\n\t\t\t\t\t<\/div>\n\t\t<\/header>\n\t\t\t\t<section class=\"elementor-section elementor-top-section elementor-element elementor-element-3fdcddf elementor-section-full_width elementor-section-height-default elementor-section-height-default\" data-id=\"3fdcddf\" data-element_type=\"section\" data-settings=\"{&quot;ekit_has_onepagescroll_dot&quot;:&quot;yes&quot;}\">\n\t\t\t\t\t\t<div class=\"elementor-container elementor-column-gap-default\">\n\t\t\t\t\t\t\t<div class=\"elementor-row\">\n\t\t\t\t\t<div class=\"elementor-column elementor-col-50 elementor-top-column elementor-element elementor-element-937a29a\" data-id=\"937a29a\" data-element_type=\"column\">\n\t\t\t<div class=\"elementor-column-wrap elementor-element-populated\">\n\t\t\t\t\t\t\t<div class=\"elementor-widget-wrap\">\n\t\t\t\t\t\t<div class=\"elementor-element elementor-element-16ca7b7 elementor-widget elementor-widget-image\" data-id=\"16ca7b7\" data-element_type=\"widget\" data-widget_type=\"image.default\">\n\t\t\t\t<div class=\"elementor-widget-container\">\n\t\t\t\t\t<div class=\"elementor-image\">\n\t\t\t\t\t\t\t\t\t\t<img width=\"1024\" height=\"163\" src=\"http:\/\/www.resultadopropaganda.com.br\/jodler\/wp-content\/uploads\/2020\/11\/faixa-flor-1024x163.png\" class=\"attachment-large size-large\" alt=\"\" loading=\"lazy\" srcset=\"http:\/\/www.resultadopropaganda.com.br\/jodler\/wp-content\/uploads\/2020\/11\/faixa-flor-1024x163.png 1024w, http:\/\/www.resultadopropaganda.com.br\/jodler\/wp-content\/uploads\/2020\/11\/faixa-flor-300x48.png 300w, http:\/\/www.resultadopropaganda.com.br\/jodler\/wp-content\/uploads\/2020\/11\/faixa-flor-768x122.png 768w, http:\/\/www.resultadopropaganda.com.br\/jodler\/wp-content\/uploads\/2020\/11\/faixa-flor-1536x244.png 1536w, http:\/\/www.resultadopropaganda.com.br\/jodler\/wp-content\/uploads\/2020\/11\/faixa-flor.png 1990w\" sizes=\"(max-width: 1024px) 100vw, 1024px\" \/>\t\t\t\t\t\t\t\t\t\t\t<\/div>\n\t\t\t\t<\/div>\n\t\t\t\t<\/div>\n\t\t\t\t\t\t<\/div>\n\t\t\t\t\t<\/div>\n\t\t<\/div>\n\t\t\t\t<div class=\"elementor-column elementor-col-50 elementor-top-column elementor-element elementor-element-3974a97\" data-id=\"3974a97\" data-element_type=\"column\">\n\t\t\t<div class=\"elementor-column-wrap elementor-element-populated\">\n\t\t\t\t\t\t\t<div class=\"elementor-widget-wrap\">\n\t\t\t\t\t\t<div class=\"elementor-element elementor-element-cb5607c elementor-widget elementor-widget-image\" data-id=\"cb5607c\" data-element_type=\"widget\" data-widget_type=\"image.default\">\n\t\t\t\t<div class=\"elementor-widget-container\">\n\t\t\t\t\t<div class=\"elementor-image\">\n\t\t\t\t\t\t\t\t\t\t<img width=\"749\" height=\"221\" src=\"http:\/\/www.resultadopropaganda.com.br\/jodler\/wp-content\/uploads\/2020\/11\/agenda.png\" class=\"attachment-large size-large\" alt=\"\" loading=\"lazy\" srcset=\"http:\/\/www.resultadopropaganda.com.br\/jodler\/wp-content\/uploads\/2020\/11\/agenda.png 749w, http:\/\/www.resultadopropaganda.com.br\/jodler\/wp-content\/uploads\/2020\/11\/agenda-300x89.png 300w\" sizes=\"(max-width: 749px) 100vw, 749px\" \/>\t\t\t\t\t\t\t\t\t\t\t<\/div>\n\t\t\t\t<\/div>\n\t\t\t\t<\/div>\n\t\t\t\t\t\t<\/div>\n\t\t\t\t\t<\/div>\n\t\t<\/div>\n\t\t\t\t\t\t\t\t<\/div>\n\t\t\t\t\t<\/div>\n\t\t<\/section>\n\t\t\t\t<section class=\"elementor-section elementor-top-section elementor-element elementor-element-ff631f4 elementor-section-boxed elementor-section-height-default elementor-section-height-default\" data-id=\"ff631f4\" data-element_type=\"section\" data-settings=\"{&quot;ekit_has_onepagescroll_dot&quot;:&quot;yes&quot;}\">\n\t\t\t\t\t\t<div class=\"elementor-container elementor-column-gap-default\">\n\t\t\t\t\t\t\t<div class=\"elementor-row\">\n\t\t\t\t\t<div class=\"elementor-column elementor-col-100 elementor-top-column elementor-element elementor-element-6829859\" data-id=\"6829859\" data-element_type=\"column\">\n\t\t\t<div class=\"elementor-column-wrap elementor-element-populated\">\n\t\t\t\t\t\t\t<div class=\"elementor-widget-wrap\">\n\t\t\t\t\t\t<div class=\"elementor-element elementor-element-e255b6e elementor-widget elementor-widget-text-editor\" data-id=\"e255b6e\" data-element_type=\"widget\" data-widget_type=\"text-editor.default\">\n\t\t\t\t<div class=\"elementor-widget-container\">\n\t\t\t\t\t<div class=\"elementor-text-editor elementor-clearfix\"><p>A agenda para 2021 \u00e9 definida em nossa assembleia anual realizada em Janeiro.<br \/>Por\u00e9m, algumas apresenta\u00e7\u00f5es j\u00e1 tem \u00e9pocas definidas:<\/p><\/div>\n\t\t\t\t<\/div>\n\t\t\t\t<\/div>\n\t\t\t\t\t\t<\/div>\n\t\t\t\t\t<\/div>\n\t\t<\/div>\n\t\t\t\t\t\t\t\t<\/div>\n\t\t\t\t\t<\/div>\n\t\t<\/section>\n\t\t\t\t<section class=\"elementor-section elementor-top-section elementor-element elementor-element-1cb58f8 elementor-section-boxed elementor-section-height-default elementor-section-height-default\" data-id=\"1cb58f8\" data-element_type=\"section\" data-settings=\"{&quot;ekit_has_onepagescroll_dot&quot;:&quot;yes&quot;}\">\n\t\t\t\t\t\t<div class=\"elementor-container elementor-column-gap-default\">\n\t\t\t\t\t\t\t<div class=\"elementor-row\">\n\t\t\t\t\t<div class=\"elementor-column elementor-col-100 elementor-top-column elementor-element elementor-element-810a954\" data-id=\"810a954\" data-element_type=\"column\">\n\t\t\t<div class=\"elementor-column-wrap elementor-element-populated\">\n\t\t\t\t\t\t\t<div class=\"elementor-widget-wrap\">\n\t\t\t\t\t\t<div class=\"elementor-element elementor-element-966c941 elementor-widget elementor-widget-text-editor\" data-id=\"966c941\" data-element_type=\"widget\" data-widget_type=\"text-editor.default\">\n\t\t\t\t<div class=\"elementor-widget-container\">\n\t\t\t\t\t<div class=\"elementor-text-editor elementor-clearfix\"><p>\u2022&nbsp; 2\u00aa Noite do Raclete \u2013 Maio\/2021<\/p><p>\u2022&nbsp; 45\u00aa Festa da Tradi\u00e7\u00e3o \u2013 Julho\/2021<\/p><p>\u2022&nbsp; 18\u00ba Concerto Anual \u2013 Novembro\/2021<\/p><\/div>\n\t\t\t\t<\/div>\n\t\t\t\t<\/div>\n\t\t\t\t\t\t<\/div>\n\t\t\t\t\t<\/div>\n\t\t<\/div>\n\t\t\t\t\t\t\t\t<\/div>\n\t\t\t\t\t<\/div>\n\t\t<\/section>\n\t\t\t\t<section class=\"elementor-section elementor-top-section elementor-element elementor-element-6c1ad4d elementor-section-boxed elementor-section-height-default elementor-section-height-default\" data-id=\"6c1ad4d\" data-element_type=\"section\" data-settings=\"{&quot;background_background&quot;:&quot;classic&quot;,&quot;ekit_has_onepagescroll_dot&quot;:&quot;yes&quot;}\">\n\t\t\t\t\t\t<div class=\"elementor-container elementor-column-gap-default\">\n\t\t\t\t\t\t\t<div class=\"elementor-row\">\n\t\t\t\t\t<div class=\"elementor-column elementor-col-100 elementor-top-column elementor-element elementor-element-a28516b\" data-id=\"a28516b\" data-element_type=\"column\">\n\t\t\t<div class=\"elementor-column-wrap elementor-element-populated\">\n\t\t\t\t\t\t\t<div class=\"elementor-widget-wrap\">\n\t\t\t\t\t\t<div class=\"elementor-element elementor-element-0797f7a elementor-widget elementor-widget-text-editor\" data-id=\"0797f7a\" data-element_type=\"widget\" data-widget_type=\"text-editor.default\">\n\t\t\t\t<div class=\"elementor-widget-container\">\n\t\t\t\t\t<div class=\"elementor-text-editor elementor-clearfix\"><p><strong>Vale ressaltar que em virtude da pandemia, o calend\u00e1rio poder\u00e1 ser adaptado.<\/strong><\/p><\/div>\n\t\t\t\t<\/div>\n\t\t\t\t<\/div>\n\t\t\t\t\t\t<\/div>\n\t\t\t\t\t<\/div>\n\t\t<\/div>\n\t\t\t\t\t\t\t\t<\/div>\n\t\t\t\t\t<\/div>\n\t\t<\/section>\n\t\t\t\t<section class=\"elementor-section elementor-top-section elementor-element elementor-element-14ce3bc elementor-section-boxed elementor-section-height-default elementor-section-height-default\" data-id=\"14ce3bc\" data-element_type=\"section\" data-settings=\"{&quot;ekit_has_onepagescroll_dot&quot;:&quot;yes&quot;}\">\n\t\t\t\t\t\t<div class=\"elementor-container elementor-column-gap-default\">\n\t\t\t\t\t\t\t<div class=\"elementor-row\">\n\t\t\t\t\t<div class=\"elementor-column elementor-col-100 elementor-top-column elementor-element elementor-element-b650a14\" data-id=\"b650a14\" data-element_type=\"column\">\n\t\t\t<div class=\"elementor-column-wrap elementor-element-populated\">\n\t\t\t\t\t\t\t<div class=\"elementor-widget-wrap\">\n\t\t\t\t\t\t<div class=\"elementor-element elementor-element-6f59d39 elementor-widget elementor-widget-spacer\" data-id=\"6f59d39\" data-element_type=\"widget\" data-widget_type=\"spacer.default\">\n\t\t\t\t<div class=\"elementor-widget-container\">\n\t\t\t\t\t<div class=\"elementor-spacer\">\n\t\t\t<div class=\"elementor-spacer-inner\"><\/div>\n\t\t<\/div>\n\t\t\t\t<\/div>\n\t\t\t\t<\/div>\n\t\t\t\t\t\t<\/div>\n\t\t\t\t\t<\/div>\n\t\t<\/div>\n\t\t\t\t\t\t\t\t<\/div>\n\t\t\t\t\t<\/div>\n\t\t<\/section>\n\t\t\t\t<section class=\"elementor-section elementor-top-section elementor-element elementor-element-428b6ea8 elementor-section-stretched elementor-section-content-bottom elementor-section-boxed elementor-section-height-default elementor-section-height-default\" data-id=\"428b6ea8\" data-element_type=\"section\" data-settings=\"{&quot;stretch_section&quot;:&quot;section-stretched&quot;,&quot;background_background&quot;:&quot;classic&quot;,&quot;ekit_has_onepagescroll_dot&quot;:&quot;yes&quot;}\">\n\t\t\t\t\t\t<div class=\"elementor-container elementor-column-gap-default\">\n\t\t\t\t\t\t\t<div class=\"elementor-row\">\n\t\t\t\t\t<div class=\"elementor-column elementor-col-20 elementor-top-column elementor-element elementor-element-59ec3b20\" data-id=\"59ec3b20\" data-element_type=\"column\">\n\t\t\t<div class=\"elementor-column-wrap elementor-element-populated\">\n\t\t\t\t\t\t\t<div class=\"elementor-widget-wrap\">\n\t\t\t\t\t\t<div class=\"elementor-element elementor-element-35b229e5 elementor-widget elementor-widget-image\" data-id=\"35b229e5\" data-element_type=\"widget\" data-widget_type=\"image.default\">\n\t\t\t\t<div class=\"elementor-widget-container\">\n\t\t\t\t\t<div class=\"elementor-image\">\n\t\t\t\t\t\t\t\t\t\t<img width=\"514\" height=\"308\" src=\"http:\/\/www.resultadopropaganda.com.br\/jodler\/wp-content\/uploads\/2020\/11\/FLOR.png\" class=\"attachment-1536x1536 size-1536x1536\" alt=\"\" loading=\"lazy\" srcset=\"http:\/\/www.resultadopropaganda.com.br\/jodler\/wp-content\/uploads\/2020\/11\/FLOR.png 514w, http:\/\/www.resultadopropaganda.com.br\/jodler\/wp-content\/uploads\/2020\/11\/FLOR-300x180.png 300w\" sizes=\"(max-width: 514px) 100vw, 514px\" \/>\t\t\t\t\t\t\t\t\t\t\t<\/div>\n\t\t\t\t<\/div>\n\t\t\t\t<\/div>\n\t\t\t\t\t\t<\/div>\n\t\t\t\t\t<\/div>\n\t\t<\/div>\n\t\t\t\t<div class=\"elementor-column elementor-col-20 elementor-top-column elementor-element elementor-element-28838845\" data-id=\"28838845\" data-element_type=\"column\">\n\t\t\t<div class=\"elementor-column-wrap elementor-element-populated\">\n\t\t\t\t\t\t\t<div class=\"elementor-widget-wrap\">\n\t\t\t\t\t\t<div class=\"elementor-element elementor-element-610a09bc elementor-widget elementor-widget-image\" data-id=\"610a09bc\" data-element_type=\"widget\" data-widget_type=\"image.default\">\n\t\t\t\t<div class=\"elementor-widget-container\">\n\t\t\t\t\t<div class=\"elementor-image\">\n\t\t\t\t\t\t\t\t\t\t<img width=\"300\" height=\"213\" src=\"http:\/\/www.resultadopropaganda.com.br\/jodler\/wp-content\/uploads\/2020\/11\/logo-jodler-300x213.png\" class=\"attachment-medium size-medium\" alt=\"\" loading=\"lazy\" srcset=\"http:\/\/www.resultadopropaganda.com.br\/jodler\/wp-content\/uploads\/2020\/11\/logo-jodler-300x213.png 300w, http:\/\/www.resultadopropaganda.com.br\/jodler\/wp-content\/uploads\/2020\/11\/logo-jodler-768x546.png 768w, http:\/\/www.resultadopropaganda.com.br\/jodler\/wp-content\/uploads\/2020\/11\/logo-jodler.png 864w\" sizes=\"(max-width: 300px) 100vw, 300px\" \/>\t\t\t\t\t\t\t\t\t\t\t<\/div>\n\t\t\t\t<\/div>\n\t\t\t\t<\/div>\n\t\t\t\t<div class=\"elementor-element elementor-element-42dd4dc8 elementor-widget elementor-widget-text-editor\" data-id=\"42dd4dc8\" data-element_type=\"widget\" data-widget_type=\"text-editor.default\">\n\t\t\t\t<div class=\"elementor-widget-container\">\n\t\t\t\t\t<div class=\"elementor-text-editor elementor-clearfix\">Jodlerklub Helvetia. Todos os direitos reservados.<\/div>\n\t\t\t\t<\/div>\n\t\t\t\t<\/div>\n\t\t\t\t\t\t<\/div>\n\t\t\t\t\t<\/div>\n\t\t<\/div>\n\t\t\t\t<div class=\"elementor-column elementor-col-20 elementor-top-column elementor-element elementor-element-652879aa elementor-hidden-tablet elementor-hidden-phone\" data-id=\"652879aa\" data-element_type=\"column\">\n\t\t\t<div class=\"elementor-column-wrap elementor-element-populated\">\n\t\t\t\t\t\t\t<div class=\"elementor-widget-wrap\">\n\t\t\t\t\t\t<div class=\"elementor-element elementor-element-a9095b3 elementor-widget elementor-widget-image\" data-id=\"a9095b3\" data-element_type=\"widget\" data-widget_type=\"image.default\">\n\t\t\t\t<div class=\"elementor-widget-container\">\n\t\t\t\t\t<div class=\"elementor-image\">\n\t\t\t\t\t\t\t\t\t\t<img src=\"http:\/\/www.resultadopropaganda.com.br\/barrios\/wp-content\/uploads\/2020\/10\/divisoria-dou.png\" title=\"\" alt=\"\" \/>\t\t\t\t\t\t\t\t\t\t\t<\/div>\n\t\t\t\t<\/div>\n\t\t\t\t<\/div>\n\t\t\t\t\t\t<\/div>\n\t\t\t\t\t<\/div>\n\t\t<\/div>\n\t\t\t\t<div class=\"elementor-column elementor-col-20 elementor-top-column elementor-element elementor-element-677791d9\" data-id=\"677791d9\" data-element_type=\"column\">\n\t\t\t<div class=\"elementor-column-wrap elementor-element-populated\">\n\t\t\t\t\t\t\t<div class=\"elementor-widget-wrap\">\n\t\t\t\t\t\t<div class=\"elementor-element elementor-element-18b13973 elementor-widget elementor-widget-text-editor\" data-id=\"18b13973\" data-element_type=\"widget\" data-widget_type=\"text-editor.default\">\n\t\t\t\t<div class=\"elementor-widget-container\">\n\t\t\t\t\t<div class=\"elementor-text-editor elementor-clearfix\">Alameda Antonio Ambiel, 895\nCol\u00f4nia Helvetia &#8211; Indaiatuba\/SP\n<br>\n\n<br>\nE-mail: contato@jodlerklubhelvetia.com.br<\/div>\n\t\t\t\t<\/div>\n\t\t\t\t<\/div>\n\t\t\t\t\t\t<\/div>\n\t\t\t\t\t<\/div>\n\t\t<\/div>\n\t\t\t\t<div class=\"elementor-column elementor-col-20 elementor-top-column elementor-element elementor-element-29429f66\" data-id=\"29429f66\" data-element_type=\"column\">\n\t\t\t<div class=\"elementor-column-wrap elementor-element-populated\">\n\t\t\t\t\t\t\t<div class=\"elementor-widget-wrap\">\n\t\t\t\t\t\t<div class=\"elementor-element elementor-element-e897f37 elementor-widget elementor-widget-text-editor\" data-id=\"e897f37\" data-element_type=\"widget\" data-widget_type=\"text-editor.default\">\n\t\t\t\t<div class=\"elementor-widget-container\">\n\t\t\t\t\t<div class=\"elementor-text-editor elementor-clearfix\">Agende sua consulta com\num de nossos advogados\n<br>\n<br>\n<a style=\"color: #d2ae6d;\">\n<i class=\"fa fa-envelope\" style=\"font-size: 26px;\" aria-hidden=\"true\">\n<\/i><\/a>\n&nbsp;&nbsp;\n<a style=\"color: #d2ae6d;\">\n<i class=\"fa fa-phone\" style=\"font-size: 26px;\" aria-hidden=\"true\">\n<\/i><\/a>\n&nbsp;&nbsp;\n<a style=\"color: #d2ae6d;\">\n<i class=\"fa fa-whatsapp\" style=\"font-size: 28px;\" aria-hidden=\"true\">\n<\/i><\/a><\/div>\n\t\t\t\t<\/div>\n\t\t\t\t<\/div>\n\t\t\t\t\t\t<\/div>\n\t\t\t\t\t<\/div>\n\t\t<\/div>\n\t\t\t\t\t\t\t\t<\/div>\n\t\t\t\t\t<\/div>\n\t\t<\/section>\n\t\t\t\t\t\t<\/div>\n\t\t\t\t\t\t<\/div>\n\t\t\t\t\t<\/div>\n\t\t","protected":false},"excerpt":{"rendered":"<p>Home \u00a0| Atualidades \u00a0| Sobre N\u00f3s \u00a0| Can\u00e7\u00f5es \u00a0| Agenda \u00a0| Hist\u00f3ria \u00a0| Galeria \u00a0| Contato \u00a0| X A agenda para 2021 \u00e9 definida em nossa assembleia anual realizada em Janeiro.Por\u00e9m, algumas apresenta\u00e7\u00f5es j\u00e1 tem \u00e9pocas definidas: \u2022&nbsp; 2\u00aa Noite do Raclete \u2013 Maio\/2021 \u2022&nbsp; 45\u00aa Festa da Tradi\u00e7\u00e3o \u2013 Julho\/2021 \u2022&nbsp; 18\u00ba Concerto Anual [&hellip;]<\/p>\n","protected":false},"author":1,"featured_media":0,"parent":0,"menu_order":0,"comment_status":"closed","ping_status":"closed","template":"","meta":[],"_links":{"self":[{"href":"http:\/\/www.resultadopropaganda.com.br\/jodler\/wp-json\/wp\/v2\/pages\/395"}],"collection":[{"href":"http:\/\/www.resultadopropaganda.com.br\/jodler\/wp-json\/wp\/v2\/pages"}],"about":[{"href":"http:\/\/www.resultadopropaganda.com.br\/jodler\/wp-json\/wp\/v2\/types\/page"}],"author":[{"embeddable":true,"href":"http:\/\/www.resultadopropaganda.com.br\/jodler\/wp-json\/wp\/v2\/users\/1"}],"replies":[{"embeddable":true,"href":"http:\/\/www.resultadopropaganda.com.br\/jodler\/wp-json\/wp\/v2\/comments?post=395"}],"version-history":[{"count":10,"href":"http:\/\/www.resultadopropaganda.com.br\/jodler\/wp-json\/wp\/v2\/pages\/395\/revisions"}],"predecessor-version":[{"id":552,"href":"http:\/\/www.resultadopropaganda.com.br\/jodler\/wp-json\/wp\/v2\/pages\/395\/revisions\/552"}],"wp:attachment":[{"href":"http:\/\/www.resultadopropaganda.com.br\/jodler\/wp-json\/wp\/v2\/media?parent=395"}],"curies":[{"name":"wp","href":"https:\/\/api.w.org\/{rel}","templated":true}]}}